{"id":1425,"date":"2025-05-20T13:25:05","date_gmt":"2025-05-20T04:25:05","guid":{"rendered":"https:\/\/testing17.apps.gov.tl\/organogram\/"},"modified":"2025-09-25T10:23:09","modified_gmt":"2025-09-25T01:23:09","slug":"organograma-pt","status":"publish","type":"page","link":"https:\/\/mcae.gov.tl\/pt-pt\/sobre-mcae\/organograma-pt\/","title":{"rendered":"Organograma"},"content":{"rendered":"\n<p>Decreto Ministerial n.\u00ba 25\/2024, 8 de maio<br>Organiza\u00e7\u00e3o do Gabinete do Ministro Coordenador dos Assuntos Econ\u00f3micos<\/p>\n\n\n\n<figure class=\"wp-block-image size-large\"><img loading=\"lazy\" decoding=\"async\" width=\"1024\" height=\"547\" src=\"https:\/\/mcae.gov.tl\/wp-content\/uploads\/2025\/09\/Organograma-Gabinete-MCAE_Portugues-1-1024x547.jpg\" alt=\"\" class=\"wp-image-3749\" srcset=\"https:\/\/mcae.gov.tl\/wp-content\/uploads\/2025\/09\/Organograma-Gabinete-MCAE_Portugues-1-1024x547.jpg 1024w, https:\/\/mcae.gov.tl\/wp-content\/uploads\/2025\/09\/Organograma-Gabinete-MCAE_Portugues-1-300x160.jpg 300w, https:\/\/mcae.gov.tl\/wp-content\/uploads\/2025\/09\/Organograma-Gabinete-MCAE_Portugues-1-768x410.jpg 768w, https:\/\/mcae.gov.tl\/wp-content\/uploads\/2025\/09\/Organograma-Gabinete-MCAE_Portugues-1-1536x821.jpg 1536w, https:\/\/mcae.gov.tl\/wp-content\/uploads\/2025\/09\/Organograma-Gabinete-MCAE_Portugues-1-2048x1095.jpg 2048w\" sizes=\"auto, (max-width: 1024px) 100vw, 1024px\" \/><\/figure>\n","protected":false},"excerpt":{"rendered":"<p>Decreto Ministerial n.\u00ba 25\/2024, 8 de maioOrganiza\u00e7\u00e3o do Gabinete do Ministro Coordenador dos Assuntos Econ\u00f3micos<\/p>\n","protected":false},"author":1,"featured_media":0,"parent":2385,"menu_order":2,"comment_status":"closed","ping_status":"closed","template":"","meta":{"om_disable_all_campaigns":false,"_monsterinsights_skip_tracking":false,"_monsterinsights_sitenote_active":false,"_monsterinsights_sitenote_note":"","_monsterinsights_sitenote_category":0,"footnotes":""},"class_list":["post-1425","page","type-page","status-publish","hentry"],"_links":{"self":[{"href":"https:\/\/mcae.gov.tl\/pt-pt\/wp-json\/wp\/v2\/pages\/1425","targetHints":{"allow":["GET"]}}],"collection":[{"href":"https:\/\/mcae.gov.tl\/pt-pt\/wp-json\/wp\/v2\/pages"}],"about":[{"href":"https:\/\/mcae.gov.tl\/pt-pt\/wp-json\/wp\/v2\/types\/page"}],"author":[{"embeddable":true,"href":"https:\/\/mcae.gov.tl\/pt-pt\/wp-json\/wp\/v2\/users\/1"}],"replies":[{"embeddable":true,"href":"https:\/\/mcae.gov.tl\/pt-pt\/wp-json\/wp\/v2\/comments?post=1425"}],"version-history":[{"count":16,"href":"https:\/\/mcae.gov.tl\/pt-pt\/wp-json\/wp\/v2\/pages\/1425\/revisions"}],"predecessor-version":[{"id":3753,"href":"https:\/\/mcae.gov.tl\/pt-pt\/wp-json\/wp\/v2\/pages\/1425\/revisions\/3753"}],"up":[{"embeddable":true,"href":"https:\/\/mcae.gov.tl\/pt-pt\/wp-json\/wp\/v2\/pages\/2385"}],"wp:attachment":[{"href":"https:\/\/mcae.gov.tl\/pt-pt\/wp-json\/wp\/v2\/media?parent=1425"}],"curies":[{"name":"wp","href":"https:\/\/api.w.org\/{rel}","templated":true}]}}