{"id":3262,"date":"2025-08-27T18:35:07","date_gmt":"2025-08-27T09:35:07","guid":{"rendered":"https:\/\/mcae.gov.tl\/?page_id=3262"},"modified":"2025-08-27T19:56:08","modified_gmt":"2025-08-27T10:56:08","slug":"archives","status":"publish","type":"page","link":"https:\/\/mcae.gov.tl\/en\/archives\/","title":{"rendered":"Archives"},"content":{"rendered":"\n<div class=\"wp-block-ultimate-post-row ultp-block-328c33\"><div class=\"ultp-row-wrapper\"><div class=\"ultp-row-content\">\n<div class=\"wp-block-ultimate-post-column ultp-block-09efcc\"><div class=\"ultp-column-wrapper\"><div  class=\"wp-block-ultimate-post-heading ultp-block-733c15\"><div class=\"ultp-block-wrapper\"><div class=\"ultp-heading-wrap ultp-heading-style1 ultp-heading-left\"><h2 class=\"ultp-heading-inner\"><span>Select archive date<\/span><\/h2><\/div><\/div><\/div>\n\n\n<div class=\"wp-block-ultimate-post-row ultp-block-becd9e\"><div class=\"ultp-row-wrapper\"><div class=\"ultp-row-content\">\n<div class=\"wp-block-ultimate-post-column ultp-block-5f1994\"><div class=\"ultp-column-wrapper\"><div class=\"wp-block-archives-dropdown wp-block-archives\"><label for=\"wp-block-archives-1\" class=\"wp-block-archives__label screen-reader-text\">Archives<\/label>\n\t\t<select id=\"wp-block-archives-1\" name=\"archive-dropdown\">\n\t\t<option value=\"\">Select Year<\/option>\t<option value='https:\/\/mcae.gov.tl\/en\/2026\/'> 2026 &nbsp;(24)<\/option>\n\t<option value='https:\/\/mcae.gov.tl\/en\/2025\/'> 2025 &nbsp;(26)<\/option>\n\t<option value='https:\/\/mcae.gov.tl\/en\/2024\/'> 2024 &nbsp;(2)<\/option>\n\t<option value='https:\/\/mcae.gov.tl\/en\/2023\/'> 2023 &nbsp;(2)<\/option>\n<\/select><script>\n( ( [ dropdownId, homeUrl ] ) => {\n\t\tconst dropdown = document.getElementById( dropdownId );\n\t\tfunction onSelectChange() {\n\t\t\tsetTimeout( () => {\n\t\t\t\tif ( 'escape' === dropdown.dataset.lastkey ) {\n\t\t\t\t\treturn;\n\t\t\t\t}\n\t\t\t\tif ( dropdown.value ) {\n\t\t\t\t\tlocation.href = dropdown.value;\n\t\t\t\t}\n\t\t\t}, 250 );\n\t\t}\n\t\tfunction onKeyUp( event ) {\n\t\t\tif ( 'Escape' === event.key ) {\n\t\t\t\tdropdown.dataset.lastkey = 'escape';\n\t\t\t} else {\n\t\t\t\tdelete dropdown.dataset.lastkey;\n\t\t\t}\n\t\t}\n\t\tfunction onClick() {\n\t\t\tdelete dropdown.dataset.lastkey;\n\t\t}\n\t\tdropdown.addEventListener( 'keyup', onKeyUp );\n\t\tdropdown.addEventListener( 'click', onClick );\n\t\tdropdown.addEventListener( 'change', onSelectChange );\n\t} )( [\"wp-block-archives-1\",\"https:\/\/mcae.gov.tl\/en\/\"] );\n\/\/# sourceURL=block_core_archives_build_dropdown_script\n<\/script>\n<\/div><\/div><\/div>\n\n\n\n<div class=\"wp-block-ultimate-post-column ultp-block-be3018\"><div class=\"ultp-column-wrapper\"><div class=\"wp-block-archives-dropdown wp-block-archives\"><label for=\"wp-block-archives-2\" class=\"wp-block-archives__label screen-reader-text\">Archives<\/label>\n\t\t<select id=\"wp-block-archives-2\" name=\"archive-dropdown\">\n\t\t<option value=\"\">Select Month<\/option>\t<option value='https:\/\/mcae.gov.tl\/en\/2026\/04\/'> April 2026 &nbsp;(7)<\/option>\n\t<option value='https:\/\/mcae.gov.tl\/en\/2026\/03\/'> March 2026 &nbsp;(7)<\/option>\n\t<option value='https:\/\/mcae.gov.tl\/en\/2026\/02\/'> February 2026 &nbsp;(6)<\/option>\n\t<option value='https:\/\/mcae.gov.tl\/en\/2026\/01\/'> January 2026 &nbsp;(4)<\/option>\n\t<option value='https:\/\/mcae.gov.tl\/en\/2025\/12\/'> December 2025 &nbsp;(2)<\/option>\n\t<option value='https:\/\/mcae.gov.tl\/en\/2025\/11\/'> November 2025 &nbsp;(5)<\/option>\n\t<option value='https:\/\/mcae.gov.tl\/en\/2025\/10\/'> October 2025 &nbsp;(6)<\/option>\n\t<option value='https:\/\/mcae.gov.tl\/en\/2025\/09\/'> September 2025 &nbsp;(3)<\/option>\n\t<option value='https:\/\/mcae.gov.tl\/en\/2025\/08\/'> August 2025 &nbsp;(1)<\/option>\n\t<option value='https:\/\/mcae.gov.tl\/en\/2025\/07\/'> July 2025 &nbsp;(2)<\/option>\n\t<option value='https:\/\/mcae.gov.tl\/en\/2025\/06\/'> June 2025 &nbsp;(1)<\/option>\n\t<option value='https:\/\/mcae.gov.tl\/en\/2025\/05\/'> May 2025 &nbsp;(6)<\/option>\n\t<option value='https:\/\/mcae.gov.tl\/en\/2024\/08\/'> August 2024 &nbsp;(2)<\/option>\n\t<option value='https:\/\/mcae.gov.tl\/en\/2023\/11\/'> November 2023 &nbsp;(1)<\/option>\n\t<option value='https:\/\/mcae.gov.tl\/en\/2023\/10\/'> October 2023 &nbsp;(1)<\/option>\n<\/select><script>\n( ( [ dropdownId, homeUrl ] ) => {\n\t\tconst dropdown = document.getElementById( dropdownId );\n\t\tfunction onSelectChange() {\n\t\t\tsetTimeout( () => {\n\t\t\t\tif ( 'escape' === dropdown.dataset.lastkey ) {\n\t\t\t\t\treturn;\n\t\t\t\t}\n\t\t\t\tif ( dropdown.value ) {\n\t\t\t\t\tlocation.href = dropdown.value;\n\t\t\t\t}\n\t\t\t}, 250 );\n\t\t}\n\t\tfunction onKeyUp( event ) {\n\t\t\tif ( 'Escape' === event.key ) {\n\t\t\t\tdropdown.dataset.lastkey = 'escape';\n\t\t\t} else {\n\t\t\t\tdelete dropdown.dataset.lastkey;\n\t\t\t}\n\t\t}\n\t\tfunction onClick() {\n\t\t\tdelete dropdown.dataset.lastkey;\n\t\t}\n\t\tdropdown.addEventListener( 'keyup', onKeyUp );\n\t\tdropdown.addEventListener( 'click', onClick );\n\t\tdropdown.addEventListener( 'change', onSelectChange );\n\t} )( [\"wp-block-archives-2\",\"https:\/\/mcae.gov.tl\/en\/\"] );\n\/\/# sourceURL=block_core_archives_build_dropdown_script\n<\/script>\n<\/div><\/div><\/div>\n<\/div><\/div><\/div>\n<\/div><\/div>\n<\/div><\/div><\/div>\n\n\n\n<div class=\"wp-block-ultimate-post-row ultp-block-f3c45b\"><div class=\"ultp-row-wrapper\"><div class=\"ultp-row-content\">\n<div class=\"wp-block-ultimate-post-column ultp-block-84d15e\"><div class=\"ultp-column-wrapper\"><div  class=\"wp-block-ultimate-post-heading ultp-block-a030d6\"><div class=\"ultp-block-wrapper\"><div class=\"ultp-heading-wrap ultp-heading-style7 ultp-heading-left\"><h2 class=\"ultp-heading-inner\"><span>Latest Information<\/span><\/h2><\/div><\/div><\/div>\n\n\n<div class=\"wp-block-ultimate-post-post-grid-parent ultp-post-grid-parent\" data-postid=\"3262\" data-grids=\"[{&quot;blockId&quot;:&quot;475b04&quot;,&quot;name&quot;:&quot;ultimate-post_post-list-3&quot;}]\" data-pagi=\"[&quot;ultp-block-f6facd&quot;]\"><div  class=\"ultp-post-grid-block wp-block-ultimate-post-post-list-3 ultp-block-475b04\"><div class=\"ultp-block-wrapper\"><div class=\"ultp-loading\"><div class=\"ultp-loading-blocks\" style=\"width:100%;height:100%;\"><div style=\"left: 0;top: 0;animation-delay:0s;\"><\/div><div style=\"left: 21px;top: 0;animation-delay:0.125s;\"><\/div><div style=\"left: 42px;top: 0;animation-delay:0.25s;\"><\/div><div style=\"left: 0;top: 21px;animation-delay:0.875s;\"><\/div><div style=\"left: 42px;top: 21px;animation-delay:0.375s;\"><\/div><div style=\"left: 0;top: 42px;animation-delay:0.75s;\"><\/div><div style=\"left: 42px;top: 42px;animation-delay:0.625s;\"><\/div><div style=\"left: 21px;top: 42px;animation-delay:0.5s;\"><\/div><\/div><\/div><div class=\"ultp-block-items-wrap ultp-block-row ultp-block-column-1 ultp-block-content-middle ultp-layout1\"><div class=\"ultp-block-item ultp-block-media post-id-4868\"><div class=\"ultp-block-content-wrap\"><div class=\"ultp-block-image ultp-block-image-zoomIn ultp-block-image-overlay ultp-block-image-simgleGradient ultp-block-image-simgleGradient0\"><a href=\"https:\/\/mcae.gov.tl\/en\/promocao-das-exportacoes\/\" ><img decoding=\"async\"  alt=\"Promo\u00e7\u00e3o das Exporta\u00e7\u00f5es\"  src=\"https:\/\/mcae.gov.tl\/wp-content\/uploads\/2026\/04\/Screenshot-2026-04-24-102142-300x99.png\" \/><\/a><\/div><div class=\"ultp-block-content\"><div class=\"ultp-category-grid ultp-category-classic ultp-category-aboveTitle\"><div class=\"ultp-category-in\"><a class=\"ultp-cat-wto-tl-en\" href=\"https:\/\/mcae.gov.tl\/en\/category\/wto-tl-en\/\"  >OMK<\/a><\/div><\/div><h3 class=\"ultp-block-title \"><a href=\"https:\/\/mcae.gov.tl\/en\/promocao-das-exportacoes\/\" >Promo\u00e7\u00e3o das Exporta\u00e7\u00f5es<\/a><\/h3><div class=\"ultp-block-meta ultp-block-meta-dot ultp-block-meta-icon\"><span class=\"ultp-block-date ultp-block-meta-element\"><svg xmlns=\"http:\/\/www.w3.org\/2000\/svg\" viewBox=\"0 0 18 19\"><path d=\"M4.60069444,4.09375 L3.25,4.09375 C2.47334957,4.09375 1.84375,4.72334957 1.84375,5.5 L1.84375,7.26736111 L16.15625,7.26736111 L16.15625,5.5 C16.15625,4.72334957 15.5266504,4.09375 14.75,4.09375 L13.3993056,4.09375 L13.3993056,4.55555556 C13.3993056,5.02154581 13.0215458,5.39930556 12.5555556,5.39930556 C12.0895653,5.39930556 11.7118056,5.02154581 11.7118056,4.55555556 L11.7118056,4.09375 L6.28819444,4.09375 L6.28819444,4.55555556 C6.28819444,5.02154581 5.9104347,5.39930556 5.44444444,5.39930556 C4.97845419,5.39930556 4.60069444,5.02154581 4.60069444,4.55555556 L4.60069444,4.09375 Z M6.28819444,2.40625 L11.7118056,2.40625 L11.7118056,1 C11.7118056,0.534009742 12.0895653,0.15625 12.5555556,0.15625 C13.0215458,0.15625 13.3993056,0.534009742 13.3993056,1 L13.3993056,2.40625 L14.75,2.40625 C16.4586309,2.40625 17.84375,3.79136906 17.84375,5.5 L17.84375,15.875 C17.84375,17.5836309 16.4586309,18.96875 14.75,18.96875 L3.25,18.96875 C1.54136906,18.96875 0.15625,17.5836309 0.15625,15.875 L0.15625,5.5 C0.15625,3.79136906 1.54136906,2.40625 3.25,2.40625 L4.60069444,2.40625 L4.60069444,1 C4.60069444,0.534009742 4.97845419,0.15625 5.44444444,0.15625 C5.9104347,0.15625 6.28819444,0.534009742 6.28819444,1 L6.28819444,2.40625 Z M1.84375,8.95486111 L1.84375,15.875 C1.84375,16.6516504 2.47334957,17.28125 3.25,17.28125 L14.75,17.28125 C15.5266504,17.28125 16.15625,16.6516504 16.15625,15.875 L16.15625,8.95486111 L1.84375,8.95486111 Z\"\/><\/svg>22 Apr 2026 10:24 AM<\/span><\/div><div class=\"ultp-block-excerpt\"><\/div><div class=\"ultp-block-readmore\"><a aria-label=\"Promo\u00e7\u00e3o das Exporta\u00e7\u00f5es\" href=\"https:\/\/mcae.gov.tl\/en\/promocao-das-exportacoes\/\" >Read More<\/a><\/div><\/div><\/div><\/div><div class=\"ultp-block-item ultp-block-media post-id-4870\"><div class=\"ultp-block-content-wrap\"><div class=\"ultp-block-image ultp-block-image-zoomIn ultp-block-image-overlay ultp-block-image-simgleGradient ultp-block-image-simgleGradient1\"><a href=\"https:\/\/mcae.gov.tl\/en\/odigo-de-recuperacao-de-empresas-einsolvencia\/\" ><img decoding=\"async\"  alt=\"C\u00d3DIGO DE RECUPERA\u00c7\u00c3O DE EMPRESAS EINSOLV\u00caNCIA\"  src=\"https:\/\/mcae.gov.tl\/wp-content\/uploads\/2026\/04\/Screenshot-2026-04-24-102142-300x99.png\" \/><\/a><\/div><div class=\"ultp-block-content\"><div class=\"ultp-category-grid ultp-category-classic ultp-category-aboveTitle\"><div class=\"ultp-category-in\"><a class=\"ultp-cat-wto-tl-en\" href=\"https:\/\/mcae.gov.tl\/en\/category\/wto-tl-en\/\"  >OMK<\/a><\/div><\/div><h3 class=\"ultp-block-title \"><a href=\"https:\/\/mcae.gov.tl\/en\/odigo-de-recuperacao-de-empresas-einsolvencia\/\" >C\u00d3DIGO DE RECUPERA\u00c7\u00c3O DE EMPRESAS EINSOLV\u00caNCIA<\/a><\/h3><div class=\"ultp-block-meta ultp-block-meta-dot ultp-block-meta-icon\"><span class=\"ultp-block-date ultp-block-meta-element\"><svg xmlns=\"http:\/\/www.w3.org\/2000\/svg\" viewBox=\"0 0 18 19\"><path d=\"M4.60069444,4.09375 L3.25,4.09375 C2.47334957,4.09375 1.84375,4.72334957 1.84375,5.5 L1.84375,7.26736111 L16.15625,7.26736111 L16.15625,5.5 C16.15625,4.72334957 15.5266504,4.09375 14.75,4.09375 L13.3993056,4.09375 L13.3993056,4.55555556 C13.3993056,5.02154581 13.0215458,5.39930556 12.5555556,5.39930556 C12.0895653,5.39930556 11.7118056,5.02154581 11.7118056,4.55555556 L11.7118056,4.09375 L6.28819444,4.09375 L6.28819444,4.55555556 C6.28819444,5.02154581 5.9104347,5.39930556 5.44444444,5.39930556 C4.97845419,5.39930556 4.60069444,5.02154581 4.60069444,4.55555556 L4.60069444,4.09375 Z M6.28819444,2.40625 L11.7118056,2.40625 L11.7118056,1 C11.7118056,0.534009742 12.0895653,0.15625 12.5555556,0.15625 C13.0215458,0.15625 13.3993056,0.534009742 13.3993056,1 L13.3993056,2.40625 L14.75,2.40625 C16.4586309,2.40625 17.84375,3.79136906 17.84375,5.5 L17.84375,15.875 C17.84375,17.5836309 16.4586309,18.96875 14.75,18.96875 L3.25,18.96875 C1.54136906,18.96875 0.15625,17.5836309 0.15625,15.875 L0.15625,5.5 C0.15625,3.79136906 1.54136906,2.40625 3.25,2.40625 L4.60069444,2.40625 L4.60069444,1 C4.60069444,0.534009742 4.97845419,0.15625 5.44444444,0.15625 C5.9104347,0.15625 6.28819444,0.534009742 6.28819444,1 L6.28819444,2.40625 Z M1.84375,8.95486111 L1.84375,15.875 C1.84375,16.6516504 2.47334957,17.28125 3.25,17.28125 L14.75,17.28125 C15.5266504,17.28125 16.15625,16.6516504 16.15625,15.875 L16.15625,8.95486111 L1.84375,8.95486111 Z\"\/><\/svg>22 Apr 2026 10:21 AM<\/span><\/div><div class=\"ultp-block-excerpt\"><\/div><div class=\"ultp-block-readmore\"><a aria-label=\"C\u00d3DIGO DE RECUPERA\u00c7\u00c3O DE EMPRESAS EINSOLV\u00caNCIA\" href=\"https:\/\/mcae.gov.tl\/en\/odigo-de-recuperacao-de-empresas-einsolvencia\/\" >Read More<\/a><\/div><\/div><\/div><\/div><div class=\"ultp-block-item ultp-block-media post-id-4872\"><div class=\"ultp-block-content-wrap\"><div class=\"ultp-block-image ultp-block-image-zoomIn ultp-block-image-overlay ultp-block-image-simgleGradient ultp-block-image-simgleGradient2\"><a href=\"https:\/\/mcae.gov.tl\/en\/extincao-do-millennium-challenge-account-timor-lestei-p\/\" ><img decoding=\"async\"  alt=\"Extin\u00e7\u00e3o do Millennium Challenge Account \u2013 Timor-Leste,I.P.\"  src=\"https:\/\/mcae.gov.tl\/wp-content\/uploads\/2026\/04\/Screenshot-2026-04-24-102142-300x99.png\" \/><\/a><\/div><div class=\"ultp-block-content\"><div class=\"ultp-category-grid ultp-category-classic ultp-category-aboveTitle\"><div class=\"ultp-category-in\"><a class=\"ultp-cat-wto-tl-en\" href=\"https:\/\/mcae.gov.tl\/en\/category\/wto-tl-en\/\"  >OMK<\/a><\/div><\/div><h3 class=\"ultp-block-title \"><a href=\"https:\/\/mcae.gov.tl\/en\/extincao-do-millennium-challenge-account-timor-lestei-p\/\" >Extin\u00e7\u00e3o do Millennium Challenge Account \u2013 Timor-Leste,I.P.<\/a><\/h3><div class=\"ultp-block-meta ultp-block-meta-dot ultp-block-meta-icon\"><span class=\"ultp-block-date ultp-block-meta-element\"><svg xmlns=\"http:\/\/www.w3.org\/2000\/svg\" viewBox=\"0 0 18 19\"><path d=\"M4.60069444,4.09375 L3.25,4.09375 C2.47334957,4.09375 1.84375,4.72334957 1.84375,5.5 L1.84375,7.26736111 L16.15625,7.26736111 L16.15625,5.5 C16.15625,4.72334957 15.5266504,4.09375 14.75,4.09375 L13.3993056,4.09375 L13.3993056,4.55555556 C13.3993056,5.02154581 13.0215458,5.39930556 12.5555556,5.39930556 C12.0895653,5.39930556 11.7118056,5.02154581 11.7118056,4.55555556 L11.7118056,4.09375 L6.28819444,4.09375 L6.28819444,4.55555556 C6.28819444,5.02154581 5.9104347,5.39930556 5.44444444,5.39930556 C4.97845419,5.39930556 4.60069444,5.02154581 4.60069444,4.55555556 L4.60069444,4.09375 Z M6.28819444,2.40625 L11.7118056,2.40625 L11.7118056,1 C11.7118056,0.534009742 12.0895653,0.15625 12.5555556,0.15625 C13.0215458,0.15625 13.3993056,0.534009742 13.3993056,1 L13.3993056,2.40625 L14.75,2.40625 C16.4586309,2.40625 17.84375,3.79136906 17.84375,5.5 L17.84375,15.875 C17.84375,17.5836309 16.4586309,18.96875 14.75,18.96875 L3.25,18.96875 C1.54136906,18.96875 0.15625,17.5836309 0.15625,15.875 L0.15625,5.5 C0.15625,3.79136906 1.54136906,2.40625 3.25,2.40625 L4.60069444,2.40625 L4.60069444,1 C4.60069444,0.534009742 4.97845419,0.15625 5.44444444,0.15625 C5.9104347,0.15625 6.28819444,0.534009742 6.28819444,1 L6.28819444,2.40625 Z M1.84375,8.95486111 L1.84375,15.875 C1.84375,16.6516504 2.47334957,17.28125 3.25,17.28125 L14.75,17.28125 C15.5266504,17.28125 16.15625,16.6516504 16.15625,15.875 L16.15625,8.95486111 L1.84375,8.95486111 Z\"\/><\/svg>22 Apr 2026 10:13 AM<\/span><\/div><div class=\"ultp-block-excerpt\"><\/div><div class=\"ultp-block-readmore\"><a aria-label=\"Extin\u00e7\u00e3o do Millennium Challenge Account \u2013 Timor-Leste,I.P.\" href=\"https:\/\/mcae.gov.tl\/en\/extincao-do-millennium-challenge-account-timor-lestei-p\/\" >Read More<\/a><\/div><\/div><\/div><\/div><div class=\"ultp-block-item ultp-block-media post-id-4843\"><div class=\"ultp-block-content-wrap\"><div class=\"ultp-block-image ultp-block-image-zoomIn ultp-block-image-overlay ultp-block-image-simgleGradient ultp-block-image-simgleGradient3\"><a href=\"https:\/\/mcae.gov.tl\/en\/dissemination-of-wto-information-to-students-of-unpaz\/\" ><img decoding=\"async\"  alt=\"Dissemination of WTO Information to Students of UNPAZ\"  src=\"https:\/\/mcae.gov.tl\/wp-content\/uploads\/2026\/04\/IMG_9708-300x155.jpg\" \/><\/a><\/div><div class=\"ultp-block-content\"><div class=\"ultp-category-grid ultp-category-classic ultp-category-aboveTitle\"><div class=\"ultp-category-in\"><a class=\"ultp-cat-national\" href=\"https:\/\/mcae.gov.tl\/en\/category\/announcement\/news\/national\/\"  >National<\/a><a class=\"ultp-cat-news\" href=\"https:\/\/mcae.gov.tl\/en\/category\/announcement\/news\/\"  >News<\/a><\/div><\/div><h3 class=\"ultp-block-title \"><a href=\"https:\/\/mcae.gov.tl\/en\/dissemination-of-wto-information-to-students-of-unpaz\/\" >Dissemination of WTO Information to Students of UNPAZ<\/a><\/h3><div class=\"ultp-block-meta ultp-block-meta-dot ultp-block-meta-icon\"><span class=\"ultp-block-date ultp-block-meta-element\"><svg xmlns=\"http:\/\/www.w3.org\/2000\/svg\" viewBox=\"0 0 18 19\"><path d=\"M4.60069444,4.09375 L3.25,4.09375 C2.47334957,4.09375 1.84375,4.72334957 1.84375,5.5 L1.84375,7.26736111 L16.15625,7.26736111 L16.15625,5.5 C16.15625,4.72334957 15.5266504,4.09375 14.75,4.09375 L13.3993056,4.09375 L13.3993056,4.55555556 C13.3993056,5.02154581 13.0215458,5.39930556 12.5555556,5.39930556 C12.0895653,5.39930556 11.7118056,5.02154581 11.7118056,4.55555556 L11.7118056,4.09375 L6.28819444,4.09375 L6.28819444,4.55555556 C6.28819444,5.02154581 5.9104347,5.39930556 5.44444444,5.39930556 C4.97845419,5.39930556 4.60069444,5.02154581 4.60069444,4.55555556 L4.60069444,4.09375 Z M6.28819444,2.40625 L11.7118056,2.40625 L11.7118056,1 C11.7118056,0.534009742 12.0895653,0.15625 12.5555556,0.15625 C13.0215458,0.15625 13.3993056,0.534009742 13.3993056,1 L13.3993056,2.40625 L14.75,2.40625 C16.4586309,2.40625 17.84375,3.79136906 17.84375,5.5 L17.84375,15.875 C17.84375,17.5836309 16.4586309,18.96875 14.75,18.96875 L3.25,18.96875 C1.54136906,18.96875 0.15625,17.5836309 0.15625,15.875 L0.15625,5.5 C0.15625,3.79136906 1.54136906,2.40625 3.25,2.40625 L4.60069444,2.40625 L4.60069444,1 C4.60069444,0.534009742 4.97845419,0.15625 5.44444444,0.15625 C5.9104347,0.15625 6.28819444,0.534009742 6.28819444,1 L6.28819444,2.40625 Z M1.84375,8.95486111 L1.84375,15.875 C1.84375,16.6516504 2.47334957,17.28125 3.25,17.28125 L14.75,17.28125 C15.5266504,17.28125 16.15625,16.6516504 16.15625,15.875 L16.15625,8.95486111 L1.84375,8.95486111 Z\"\/><\/svg>18 Apr 2026 2:46 PM<\/span><\/div><div class=\"ultp-block-excerpt\"><p>18 April 2026_________ The Office of the Deputy Prime Minister (V-PM) and the Coordinating Minister for Economic Affairs , through&#8230;<\/p>\n<\/div><div class=\"ultp-block-readmore\"><a aria-label=\"Dissemination of WTO Information to Students of UNPAZ\" href=\"https:\/\/mcae.gov.tl\/en\/dissemination-of-wto-information-to-students-of-unpaz\/\" >Read More<\/a><\/div><\/div><\/div><\/div><div class=\"ultp-block-item ultp-block-media post-id-4832\"><div class=\"ultp-block-content-wrap\"><div class=\"ultp-block-image ultp-block-image-zoomIn ultp-block-image-overlay ultp-block-image-simgleGradient ultp-block-image-simgleGradient4\"><a href=\"https:\/\/mcae.gov.tl\/en\/vice-prime-minister-francisco-kalbuadi-lay-leads-acnoc-for-the-2029-asean-chairship-preparations\/\" ><img decoding=\"async\"  alt=\"Vice Prime-Minister Francisco Kalbuadi Lay Leads ACNOC Strategic Metting for the 2029 ASEAN Chairship Preparations.\"  src=\"https:\/\/mcae.gov.tl\/wp-content\/uploads\/2026\/04\/WhatsApp-Image-2026-04-20-at-17.40.04-300x184.jpeg\" \/><\/a><\/div><div class=\"ultp-block-content\"><div class=\"ultp-category-grid ultp-category-classic ultp-category-aboveTitle\"><div class=\"ultp-category-in\"><a class=\"ultp-cat-asean\" href=\"https:\/\/mcae.gov.tl\/en\/category\/asean\/\"  >ASEAN<\/a><\/div><\/div><h3 class=\"ultp-block-title \"><a href=\"https:\/\/mcae.gov.tl\/en\/vice-prime-minister-francisco-kalbuadi-lay-leads-acnoc-for-the-2029-asean-chairship-preparations\/\" >Vice Prime-Minister Francisco Kalbuadi Lay Leads ACNOC Strategic Metting for the 2029 ASEAN Chairship Preparations.<\/a><\/h3><div class=\"ultp-block-meta ultp-block-meta-dot ultp-block-meta-icon\"><span class=\"ultp-block-date ultp-block-meta-element\"><svg xmlns=\"http:\/\/www.w3.org\/2000\/svg\" viewBox=\"0 0 18 19\"><path d=\"M4.60069444,4.09375 L3.25,4.09375 C2.47334957,4.09375 1.84375,4.72334957 1.84375,5.5 L1.84375,7.26736111 L16.15625,7.26736111 L16.15625,5.5 C16.15625,4.72334957 15.5266504,4.09375 14.75,4.09375 L13.3993056,4.09375 L13.3993056,4.55555556 C13.3993056,5.02154581 13.0215458,5.39930556 12.5555556,5.39930556 C12.0895653,5.39930556 11.7118056,5.02154581 11.7118056,4.55555556 L11.7118056,4.09375 L6.28819444,4.09375 L6.28819444,4.55555556 C6.28819444,5.02154581 5.9104347,5.39930556 5.44444444,5.39930556 C4.97845419,5.39930556 4.60069444,5.02154581 4.60069444,4.55555556 L4.60069444,4.09375 Z M6.28819444,2.40625 L11.7118056,2.40625 L11.7118056,1 C11.7118056,0.534009742 12.0895653,0.15625 12.5555556,0.15625 C13.0215458,0.15625 13.3993056,0.534009742 13.3993056,1 L13.3993056,2.40625 L14.75,2.40625 C16.4586309,2.40625 17.84375,3.79136906 17.84375,5.5 L17.84375,15.875 C17.84375,17.5836309 16.4586309,18.96875 14.75,18.96875 L3.25,18.96875 C1.54136906,18.96875 0.15625,17.5836309 0.15625,15.875 L0.15625,5.5 C0.15625,3.79136906 1.54136906,2.40625 3.25,2.40625 L4.60069444,2.40625 L4.60069444,1 C4.60069444,0.534009742 4.97845419,0.15625 5.44444444,0.15625 C5.9104347,0.15625 6.28819444,0.534009742 6.28819444,1 L6.28819444,2.40625 Z M1.84375,8.95486111 L1.84375,15.875 C1.84375,16.6516504 2.47334957,17.28125 3.25,17.28125 L14.75,17.28125 C15.5266504,17.28125 16.15625,16.6516504 16.15625,15.875 L16.15625,8.95486111 L1.84375,8.95486111 Z\"\/><\/svg>16 Apr 2026 9:00 AM<\/span><\/div><div class=\"ultp-block-excerpt\"><p>D\u00cdLI, 16 of April 2026- The Vice-Prime-Minister, Coordinating Minister for Economic Affairs, (CMEA), Minister Tourism and Environments, Francisco Kalbuadi Lay,&#8230;<\/p>\n<\/div><div class=\"ultp-block-readmore\"><a aria-label=\"Vice Prime-Minister Francisco Kalbuadi Lay Leads ACNOC Strategic Metting for the 2029 ASEAN Chairship Preparations.\" href=\"https:\/\/mcae.gov.tl\/en\/vice-prime-minister-francisco-kalbuadi-lay-leads-acnoc-for-the-2029-asean-chairship-preparations\/\" >Read More<\/a><\/div><\/div><\/div><\/div><\/div><\/div><div class=\"pagination-block-html\" aria-hidden=\"true\" style=\"display: none;\"><div class=\"ultp-pagination-wrap ultp-pagination-ajax-action\"  data-for=\"ultp-block-475b04\"  data-blockid=\"475b04\"  data-expost=\"\"  data-paged=\"1\"  data-pages=\"10\"  data-blockname=\"ultimate-post_post-list-3\"  data-postid=\"3262\"  data-selfpostid=\"yes\" ><ul class=\"ultp-pagination\"><li class=\"ultp-prev-page-numbers\" style=\"display:none\"><a href=\"https:\/\/mcae.gov.tl\/en\/wp-json\/wp\/v2\/pages\/3262\/\"><svg enable-background=\"new 0 0 477.175 477.175\" version=\"1.1\" viewBox=\"0 0 477.18 477.18\"><path d=\"m145.19 238.58 215.5-215.5c5.3-5.3 5.3-13.8 0-19.1s-13.8-5.3-19.1 0l-225.1 225.1c-5.3 5.3-5.3 13.8 0 19.1l225.1 225c2.6 2.6 6.1 4 9.5 4s6.9-1.3 9.5-4c5.3-5.3 5.3-13.8 0-19.1l-215.4-215.5z\"><\/path><\/svg> <\/a><\/li><li class=\"ultp-first-pages\" style=\"display:none\" data-current=\"1\"><a href=\"https:\/\/mcae.gov.tl\/en\/wp-json\/wp\/v2\/pages\/3262\/\">1<\/a><\/li><li class=\"ultp-first-dot\"style=\"display:none\"><a href=\"#\">&#8230;<\/a><\/li><li class=\"ultp-center-item pagination-active\" data-current=\"1\"><a href=\"https:\/\/mcae.gov.tl\/en\/wp-json\/wp\/v2\/pages\/3262\/\">1<\/a><\/li><li class=\"ultp-center-item\" data-current=\"2\" ><a href=\"https:\/\/mcae.gov.tl\/en\/wp-json\/wp\/v2\/pages\/3262\/page\/2\/\">2<\/a><\/li><li class=\"ultp-center-item\" data-current=\"3\" ><a href=\"https:\/\/mcae.gov.tl\/en\/wp-json\/wp\/v2\/pages\/3262\/page\/3\/\">3<\/a><\/li><li class=\"ultp-last-dot\" ><a href=\"#\">&#8230;<\/a><\/li><li class=\"ultp-last-pages\" data-current=\"10\"><a href=\"https:\/\/mcae.gov.tl\/en\/wp-json\/wp\/v2\/pages\/3262\/page\/10\/\">10<\/a><\/li><li class=\"ultp-next-page-numbers\"><a href=\"https:\/\/mcae.gov.tl\/en\/wp-json\/wp\/v2\/pages\/3262\/page\/2\/\"><svg enable-background=\"new 0 0 477.175 477.175\" version=\"1.1\" viewBox=\"0 0 477.18 477.18\"><path d=\"m360.73 229.08-225.1-225.1c-5.3-5.3-13.8-5.3-19.1 0s-5.3 13.8 0 19.1l215.5 215.5-215.5 215.5c-5.3 5.3-5.3 13.8 0 19.1 2.6 2.6 6.1 4 9.5 4s6.9-1.3 9.5-4l225.1-225.1c5.3-5.2 5.3-13.8 0.1-19z\"><\/path><\/svg><\/a><\/li><\/ul><\/div><\/div><\/div>\n\n\n<div class=\"wp-block-ultimate-post-post-pagination ultp-block-f6facd ultp-pagination-block ultp-pagination-wrap\"><div class=\"ultp-pagination-wrap ultp-disable-editor-click ultp-pagination-ajax-action\"><ul class=\"ultp-pagination\"><li><a href=\"#\" class=\"ultp-prev-page-numbers\"><svg enable-background=\"new 0 0 477.175 477.175\" version=\"1.1\" viewBox=\"0 0 477.18 477.18\"><path d=\"m145.19 238.58 215.5-215.5c5.3-5.3 5.3-13.8 0-19.1s-13.8-5.3-19.1 0l-225.1 225.1c-5.3 5.3-5.3 13.8 0 19.1l225.1 225c2.6 2.6 6.1 4 9.5 4s6.9-1.3 9.5-4c5.3-5.3 5.3-13.8 0-19.1l-215.4-215.5z\"><\/path><\/svg><\/a><\/li><li><a href=\"#\">1<\/a><\/li><li><a href=\"#\">2<\/a><\/li><li><a href=\"#\">3<\/a><\/li><li><a href=\"#\" class=\"ultp-next-page-numbers\"><svg enable-background=\"new 0 0 477.175 477.175\" version=\"1.1\" viewBox=\"0 0 477.18 477.18\"><path d=\"m360.73 229.08-225.1-225.1c-5.3-5.3-13.8-5.3-19.1 0s-5.3 13.8 0 19.1l215.5 215.5-215.5 215.5c-5.3 5.3-5.3 13.8 0 19.1 2.6 2.6 6.1 4 9.5 4s6.9-1.3 9.5-4l225.1-225.1c5.3-5.2 5.3-13.8 0.1-19z\"><\/path><\/svg><\/a><\/li><\/ul><\/div><\/div>\n<\/div>\n<\/div><\/div>\n<\/div><\/div><\/div>\n","protected":false},"excerpt":{"rendered":"","protected":false},"author":1,"featured_media":0,"parent":0,"menu_order":0,"comment_status":"closed","ping_status":"closed","template":"","meta":{"om_disable_all_campaigns":false,"_monsterinsights_skip_tracking":false,"_monsterinsights_sitenote_active":false,"_monsterinsights_sitenote_note":"","_monsterinsights_sitenote_category":0,"footnotes":""},"class_list":["post-3262","page","type-page","status-publish","hentry"],"_links":{"self":[{"href":"https:\/\/mcae.gov.tl\/en\/wp-json\/wp\/v2\/pages\/3262","targetHints":{"allow":["GET"]}}],"collection":[{"href":"https:\/\/mcae.gov.tl\/en\/wp-json\/wp\/v2\/pages"}],"about":[{"href":"https:\/\/mcae.gov.tl\/en\/wp-json\/wp\/v2\/types\/page"}],"author":[{"embeddable":true,"href":"https:\/\/mcae.gov.tl\/en\/wp-json\/wp\/v2\/users\/1"}],"replies":[{"embeddable":true,"href":"https:\/\/mcae.gov.tl\/en\/wp-json\/wp\/v2\/comments?post=3262"}],"version-history":[{"count":12,"href":"https:\/\/mcae.gov.tl\/en\/wp-json\/wp\/v2\/pages\/3262\/revisions"}],"predecessor-version":[{"id":3320,"href":"https:\/\/mcae.gov.tl\/en\/wp-json\/wp\/v2\/pages\/3262\/revisions\/3320"}],"wp:attachment":[{"href":"https:\/\/mcae.gov.tl\/en\/wp-json\/wp\/v2\/media?parent=3262"}],"curies":[{"name":"wp","href":"https:\/\/api.w.org\/{rel}","templated":true}]}}